{"id":4417,"date":"2020-09-29T21:02:02","date_gmt":"2020-09-29T19:02:02","guid":{"rendered":"https:\/\/www.asecus.ch\/privacy-policy-en\/"},"modified":"2020-09-30T13:28:49","modified_gmt":"2020-09-30T11:28:49","slug":"privacy-policy-en","status":"publish","type":"page","link":"https:\/\/www.asecus.ch\/en\/privacy-policy-en\/","title":{"rendered":"Privacy Policy EN"},"content":{"rendered":"<h4><strong>Impressum:<\/strong><br \/>\nAsecus AG<br \/>\nUnderm\u00fclistrasse 24<br \/>\nCH-8320 Fehraltorf<br \/>\nTelefon: +41 43 399 20 00<br \/>\nE-Mail: <a href=\"mailto:info@asecus.ch\">info@asecus.ch<\/a><br \/>\nDomain: <a href=\"https:\/\/www.asecus.ch\/en\/\">www.asecus.ch<\/a><\/h4>\n<p>&nbsp;<\/p>\n<p><strong>Vertretungsberechtigte Personen<\/strong><br \/>\nStefan Hungerb\u00fchler, Co-CEO<br \/>\nPhilipp Oesch, Co-CEO<\/p>\n<p><strong>Handelsregistereintrag<\/strong><br \/>\nEingetragener Firmenname: Asecus AG<br \/>\nNummer: CHE-108.691.247<br \/>\nHandelsregisteramt: Pf\u00e4ffikon ZH<\/p>\n<p><strong>Mehrwehrtsteuernummer<\/strong><br \/>\nUID CHE-108.691.247 MWST<\/p>\n<p><strong>Haftungsausschluss<\/strong><br \/>\nDer Autor \u00fcbernimmt keinerlei Gew\u00e4hr hinsichtlich der inhaltlichen Richtigkeit, Genauigkeit, Aktualit\u00e4t, Zuverl\u00e4ssigkeit und Vollst\u00e4ndigkeit der Informationen.<br \/>\nHaftungsanspr\u00fcche gegen den Autor wegen Sch\u00e4den materieller oder immaterieller Art, welche aus dem Zugriff oder der Nutzung bzw. Nichtnutzung der ver\u00f6ffentlichten Informationen, durch Missbrauch der Verbindung oder durch technische St\u00f6rungen entstanden sind, werden ausgeschlossen.<br \/>\nAlle Angebote sind unverbindlich. Der Autor beh\u00e4lt es sich ausdr\u00fccklich vor, Teile der Seiten oder das gesamte Angebot ohne gesonderte Ank\u00fcndigung zu ver\u00e4ndern, zu erg\u00e4nzen, zu l\u00f6schen oder die Ver\u00f6ffentlichung zeitweise oder endg\u00fcltig einzustellen.<\/p>\n<p><strong>Haftung f\u00fcr Links<\/strong><br \/>\nVerweise und Links auf Webseiten Dritter liegen ausserhalb unseres Verantwortungsbereichs Es wird jegliche Verantwortung f\u00fcr solche Webseiten abgelehnt. Der Zugriff und die Nutzung solcher Webseiten erfolgen auf eigene Gefahr des Nutzers oder der Nutzerin.<\/p>\n<p><strong>Urheberrechte<\/strong><br \/>\nDie Urheber- und alle anderen Rechte an Inhalten, Bildern, Fotos oder anderen Dateien auf der Website geh\u00f6ren ausschliesslich der Firma Asecus AG oder den speziell genannten Rechtsinhabern. F\u00fcr die Reproduktion jeglicher Elemente ist die schriftliche Zustimmung der Urheberrechtstr\u00e4ger im Voraus einzuholen.<\/p>\n<p><strong>Quelle<\/strong><br \/>\nDieses Impressum wurde am 24.09.2014 mit dem Impressum-Generator http:\/\/www.bag.ch\/impressum-generator der Firma Brunner AG, Druck und Medien, in Kriens erstellt.<\/p>\n","protected":false},"excerpt":{"rendered":"<p>Impressum: Asecus AG Underm\u00fclistrasse 24 CH-8320 Fehraltorf Telefon: +41 43 399 20 00 E-Mail: info@asecus.ch Domain: www.asecus.ch &nbsp; Vertretungsberechtigte Personen Stefan Hungerb\u00fchler, Co-CEO Philipp Oesch, Co-CEO Handelsregistereintrag Eingetragener Firmenname: Asecus AG Nummer: CHE-108.691.247 Handelsregisteramt: Pf\u00e4ffikon ZH Mehrwehrtsteuernummer UID CHE-108.691.247 MWST Haftungsausschluss Der Autor \u00fcbernimmt keinerlei Gew\u00e4hr hinsichtlich der inhaltlichen Richtigkeit, Genauigkeit, Aktualit\u00e4t, Zuverl\u00e4ssigkeit und Vollst\u00e4ndigkeit [&hellip;]<\/p>\n","protected":false},"author":3,"featured_media":0,"parent":0,"menu_order":0,"comment_status":"closed","ping_status":"open","template":"","meta":{"content-type":"","footnotes":""},"class_list":["post-4417","page","type-page","status-publish","hentry"],"_links":{"self":[{"href":"https:\/\/www.asecus.ch\/en\/wp-json\/wp\/v2\/pages\/4417","targetHints":{"allow":["GET"]}}],"collection":[{"href":"https:\/\/www.asecus.ch\/en\/wp-json\/wp\/v2\/pages"}],"about":[{"href":"https:\/\/www.asecus.ch\/en\/wp-json\/wp\/v2\/types\/page"}],"author":[{"embeddable":true,"href":"https:\/\/www.asecus.ch\/en\/wp-json\/wp\/v2\/users\/3"}],"replies":[{"embeddable":true,"href":"https:\/\/www.asecus.ch\/en\/wp-json\/wp\/v2\/comments?post=4417"}],"version-history":[{"count":1,"href":"https:\/\/www.asecus.ch\/en\/wp-json\/wp\/v2\/pages\/4417\/revisions"}],"predecessor-version":[{"id":9574,"href":"https:\/\/www.asecus.ch\/en\/wp-json\/wp\/v2\/pages\/4417\/revisions\/9574"}],"wp:attachment":[{"href":"https:\/\/www.asecus.ch\/en\/wp-json\/wp\/v2\/media?parent=4417"}],"curies":[{"name":"wp","href":"https:\/\/api.w.org\/{rel}","templated":true}]}}