{"id":17957,"date":"2026-03-03T17:05:42","date_gmt":"2026-03-03T16:05:42","guid":{"rendered":"https:\/\/www.asecus.ch\/?page_id=17957"},"modified":"2026-03-03T17:09:11","modified_gmt":"2026-03-03T16:09:11","slug":"thank-you-whitepaper-security-policy-management-download","status":"publish","type":"page","link":"https:\/\/www.asecus.ch\/fr\/thank-you-whitepaper-security-policy-management-download\/","title":{"rendered":"Thank-you-whitepaper-security-policy-management-Download"},"content":{"rendered":"<div id='av_section_1'  class='avia-section av-ky4541m6-6491108a007f947dafdd99dc5e947266 main_color avia-section-default avia-no-border-styling  avia-builder-el-0  el_before_av_section  avia-builder-el-first  avia-bg-style-scroll av-minimum-height av-minimum-height-100 av-height-100  container_wrap fullsize'   data-av_minimum_height_pc='100' data-av_min_height_opt='100'><div class='container av-section-cont-open' ><main  role=\"main\" itemprop=\"mainContentOfPage\"  class='template-page content  av-content-full alpha units'><div class='post-entry post-entry-type-page post-entry-17957'><div class='entry-content-wrapper clearfix'>\n<section  class='av_textblock_section av-ky44e26f-5171fa7012006f8aa2dd9a51f73601d3 '   itemscope=\"itemscope\" itemtype=\"https:\/\/schema.org\/CreativeWork\" ><div class='avia_textblock'  itemprop=\"text\" ><h2 style=\"text-align: center;\">Merci beaucoup !<\/h2>\n<\/div><\/section>\n<div  class='hr av-ky44ymvx-4b118f1343833e474214193c8d3a498c hr-default  avia-builder-el-2  el_after_av_textblock  el_before_av_font_icon  av-mini-hide'><span class='hr-inner '><span class=\"hr-inner-style\"><\/span><\/span><\/div>\n\n<style type=\"text\/css\" data-created_by=\"avia_inline_auto\" id=\"style-css-av-ky44fvcq-16dee836bf3e2936b0141e995cdfd3dd\">\n.av_font_icon.av-ky44fvcq-16dee836bf3e2936b0141e995cdfd3dd{\ncolor:#05668d;\nborder-color:#05668d;\n}\n.avia-svg-icon.av-ky44fvcq-16dee836bf3e2936b0141e995cdfd3dd svg:first-child{\nstroke:#05668d;\nfill:#05668d;\n}\n.av_font_icon.av-ky44fvcq-16dee836bf3e2936b0141e995cdfd3dd .av-icon-char{\nfont-size:100px;\nline-height:100px;\n}\n<\/style>\n<span  class='av_font_icon av-ky44fvcq-16dee836bf3e2936b0141e995cdfd3dd avia_animate_when_visible av-icon-style- avia-icon-pos-center avia-iconfont avia-font-entypo-fontello avia-icon-animate'><span class='av-icon-char' data-av_icon='\ue8b7' data-av_iconfont='entypo-fontello' aria-hidden=\"true\" ><\/span><\/span>\n<div  class='hr av-ky44ymvx-2-2c0b40624dcec83ac39543c795685f4e hr-default  avia-builder-el-4  el_after_av_font_icon  el_before_av_textblock  av-mini-hide'><span class='hr-inner '><span class=\"hr-inner-style\"><\/span><\/span><\/div>\n<section  class='av_textblock_section av-ky44qp5p-515929d2ffc9a97faac17add285b80d6 '   itemscope=\"itemscope\" itemtype=\"https:\/\/schema.org\/CreativeWork\" ><div class='avia_textblock'  itemprop=\"text\" ><p style=\"text-align: center;\">V\u00e9rifiez votre bo\u00eete de r\u00e9ception. Nous vous avons envoy\u00e9 le document.<\/p>\n<p style=\"text-align: center;\">Si vous ne le voyez pas, veuillez \u00e9galement v\u00e9rifier votre dossier spam.<\/p>\n<\/div><\/section>\n<div  class='hr av-on8dih-30ae069695055c5f40a328ff912dbb3d hr-default  avia-builder-el-6  el_after_av_textblock  avia-builder-el-last  av-mini-hide'><span class='hr-inner '><span class=\"hr-inner-style\"><\/span><\/span><\/div>\n<\/div><\/div><\/main><!-- close content main element --><\/div><\/div><div id='av_section_2'  class='avia-section av-ky456dwd-9a4aab352a6a51e5433c41c1756bf99a alternate_color avia-section-default avia-no-border-styling  avia-builder-el-7  el_after_av_section  avia-builder-el-last  avia-bg-style-scroll container_wrap fullsize'  ><div class='container av-section-cont-open' ><div class='template-page content  av-content-full alpha units'><div class='post-entry post-entry-type-page post-entry-17957'><div class='entry-content-wrapper clearfix'>\n<div   data-autoplay=''  data-interval='5'  data-animation='fade'  data-show_slide_delay='90'  class='avia-content-slider avia-content-grid-active avia-content-slider1 avia-content-slider-odd  avia-builder-el-8  avia-builder-el-no-sibling  '  itemscope=\"itemscope\" itemtype=\"https:\/\/schema.org\/Blog\" ><div class='avia-content-slider-inner'><div class='slide-entry-wrap'><article class='slide-entry flex_column  post-entry post-entry-12433 slide-entry-overview slide-loop-1 slide-parity-odd  av_one_third first real-thumbnail post-format-standard'  itemscope=\"itemscope\" itemtype=\"https:\/\/schema.org\/CreativeWork\" ><a href='https:\/\/www.asecus.ch\/fr\/services\/security-consulting\/sase-transformation-fr\/sase-ueberblick-eine-einfuehrung\/' data-rel='slide-1' class='slide-image' title='Aper\u00e7u de SASE &#8211; une introduction'><img decoding=\"async\" loading=\"lazy\" width=\"768\" height=\"513\" src=\"https:\/\/www.asecus.ch\/wp-content\/uploads\/2025\/06\/explication-de-sase-1.webp\" class=\"wp-image-12478 avia-img-lazy-loading-12478 attachment-portfolio size-portfolio wp-post-image\" alt=\"Une personne tape du doigt sur une ic\u00f4ne SASE virtuelle entour\u00e9e d&#039;ic\u00f4nes repr\u00e9sentant la s\u00e9curit\u00e9, le r\u00e9seau, le cloud et la protection des donn\u00e9es.\" srcset=\"https:\/\/www.asecus.ch\/wp-content\/uploads\/2025\/06\/explication-de-sase-1.webp 768w, https:\/\/www.asecus.ch\/wp-content\/uploads\/2025\/06\/explication-de-sase-1-300x200.webp 300w\" sizes=\"auto, (max-width: 768px) 100vw, 768px\" \/><\/a><div class='slide-content'><header class=\"entry-content-header\"><h3 class='slide-entry-title entry-title '  itemprop=\"headline\" ><a href='https:\/\/www.asecus.ch\/fr\/services\/security-consulting\/sase-transformation-fr\/sase-ueberblick-eine-einfuehrung\/' title='Aper\u00e7u de SASE &#8211; une introduction'>Aper\u00e7u de SASE &#8211; une introduction<\/a><\/h3><span class=\"av-vertical-delimiter\"><\/span><\/header><div class='slide-meta'><time class='slide-meta-time updated'  itemprop=\"datePublished\" datetime=\"2025-06-10T13:14:13+02:00\" >10 juin 2025<\/time><\/div><div class='slide-entry-excerpt entry-content'  itemprop=\"text\" >Une approche bas\u00e9e sur le cloud qui combine les fonctions de r\u00e9seau et de\u2026<\/div><\/div><footer class=\"entry-footer\"><\/footer><span class='hidden'>\n\t\t\t\t<span class='av-structured-data'  itemprop=\"image\" itemscope=\"itemscope\" itemtype=\"https:\/\/schema.org\/ImageObject\" >\n\t\t\t\t\t\t<span itemprop='url'>https:\/\/www.asecus.ch\/wp-content\/uploads\/2025\/06\/explication-de-sase-1.webp<\/span>\n\t\t\t\t\t\t<span itemprop='height'>513<\/span>\n\t\t\t\t\t\t<span itemprop='width'>768<\/span>\n\t\t\t\t<\/span>\n\t\t\t\t<span class='av-structured-data'  itemprop=\"publisher\" itemtype=\"https:\/\/schema.org\/Organization\" itemscope=\"itemscope\" >\n\t\t\t\t\t\t<span itemprop='name'>Dana Badulescu<\/span>\n\t\t\t\t\t\t<span itemprop='logo' itemscope itemtype='https:\/\/schema.org\/ImageObject'>\n\t\t\t\t\t\t\t<span itemprop='url'>https:\/\/www.asecus.ch\/wp-content\/uploads\/2023\/08\/asecus_logo_openFiles_RGB_logo_colored-300x80.png<\/span>\n\t\t\t\t\t\t<\/span>\n\t\t\t\t<\/span><span class='av-structured-data'  itemprop=\"author\" itemscope=\"itemscope\" itemtype=\"https:\/\/schema.org\/Person\" ><span itemprop='name'>Dana Badulescu<\/span><\/span><span class='av-structured-data'  itemprop=\"datePublished\" datetime=\"2026-03-03T17:05:42+01:00\" >2025-06-10 13:14:13<\/span><span class='av-structured-data'  itemprop=\"dateModified\" itemtype=\"https:\/\/schema.org\/dateModified\" >2025-07-01 14:03:23<\/span><span class='av-structured-data'  itemprop=\"mainEntityOfPage\" itemtype=\"https:\/\/schema.org\/mainEntityOfPage\" ><span itemprop='name'>Aper\u00e7u de SASE &#8211; une introduction<\/span><\/span><\/span><\/article><article class='slide-entry flex_column  post-entry post-entry-11607 slide-entry-overview slide-loop-2 slide-parity-even  av_one_third  real-thumbnail post-format-standard'  itemscope=\"itemscope\" itemtype=\"https:\/\/schema.org\/CreativeWork\" ><a href='https:\/\/www.asecus.ch\/fr\/news\/microsoft-stellt-default-outbound-access-in-azure-ein\/' data-rel='slide-1' class='slide-image' title='Microsoft met fin au Default Outbound Access dans Azure'><img decoding=\"async\" loading=\"lazy\" width=\"2048\" height=\"858\" src=\"https:\/\/www.asecus.ch\/wp-content\/uploads\/2025\/01\/azure_outbound-1.jpg\" class=\"wp-image-11608 avia-img-lazy-loading-11608 attachment-portfolio size-portfolio wp-post-image\" alt=\"\" srcset=\"https:\/\/www.asecus.ch\/wp-content\/uploads\/2025\/01\/azure_outbound-1.jpg 2048w, https:\/\/www.asecus.ch\/wp-content\/uploads\/2025\/01\/azure_outbound-1-300x126.jpg 300w, https:\/\/www.asecus.ch\/wp-content\/uploads\/2025\/01\/azure_outbound-1-1030x432.jpg 1030w, https:\/\/www.asecus.ch\/wp-content\/uploads\/2025\/01\/azure_outbound-1-768x322.jpg 768w, https:\/\/www.asecus.ch\/wp-content\/uploads\/2025\/01\/azure_outbound-1-1536x644.jpg 1536w\" sizes=\"auto, (max-width: 2048px) 100vw, 2048px\" \/><\/a><div class='slide-content'><header class=\"entry-content-header\"><h3 class='slide-entry-title entry-title '  itemprop=\"headline\" ><a href='https:\/\/www.asecus.ch\/fr\/news\/microsoft-stellt-default-outbound-access-in-azure-ein\/' title='Microsoft met fin au Default Outbound Access dans Azure'>Microsoft met fin au Default Outbound Access dans Azure<\/a><\/h3><span class=\"av-vertical-delimiter\"><\/span><\/header><div class='slide-meta'><time class='slide-meta-time updated'  itemprop=\"datePublished\" datetime=\"2025-01-17T08:53:49+01:00\" >17 janvier 2025<\/time><\/div><div class='slide-entry-excerpt entry-content'  itemprop=\"text\" >Les clients Azure qui d\u00e9pendent jusqu'\u00e0 pr\u00e9sent du Default Outbound Access\u2026<\/div><\/div><footer class=\"entry-footer\"><\/footer><span class='hidden'>\n\t\t\t\t<span class='av-structured-data'  itemprop=\"image\" itemscope=\"itemscope\" itemtype=\"https:\/\/schema.org\/ImageObject\" >\n\t\t\t\t\t\t<span itemprop='url'>https:\/\/www.asecus.ch\/wp-content\/uploads\/2025\/01\/azure_outbound-1.jpg<\/span>\n\t\t\t\t\t\t<span itemprop='height'>858<\/span>\n\t\t\t\t\t\t<span itemprop='width'>2048<\/span>\n\t\t\t\t<\/span>\n\t\t\t\t<span class='av-structured-data'  itemprop=\"publisher\" itemtype=\"https:\/\/schema.org\/Organization\" itemscope=\"itemscope\" >\n\t\t\t\t\t\t<span itemprop='name'>Anton Dreher<\/span>\n\t\t\t\t\t\t<span itemprop='logo' itemscope itemtype='https:\/\/schema.org\/ImageObject'>\n\t\t\t\t\t\t\t<span itemprop='url'>https:\/\/www.asecus.ch\/wp-content\/uploads\/2023\/08\/asecus_logo_openFiles_RGB_logo_colored-300x80.png<\/span>\n\t\t\t\t\t\t<\/span>\n\t\t\t\t<\/span><span class='av-structured-data'  itemprop=\"author\" itemscope=\"itemscope\" itemtype=\"https:\/\/schema.org\/Person\" ><span itemprop='name'>Anton Dreher<\/span><\/span><span class='av-structured-data'  itemprop=\"datePublished\" datetime=\"2026-03-03T17:05:42+01:00\" >2025-01-17 08:53:49<\/span><span class='av-structured-data'  itemprop=\"dateModified\" itemtype=\"https:\/\/schema.org\/dateModified\" >2025-01-17 08:55:09<\/span><span class='av-structured-data'  itemprop=\"mainEntityOfPage\" itemtype=\"https:\/\/schema.org\/mainEntityOfPage\" ><span itemprop='name'>Microsoft met fin au Default Outbound Access dans Azure<\/span><\/span><\/span><\/article><article class='slide-entry flex_column  post-entry post-entry-4460 slide-entry-overview slide-loop-3 slide-parity-odd  post-entry-last  av_one_third  real-thumbnail post-format-standard'  itemscope=\"itemscope\" itemtype=\"https:\/\/schema.org\/CreativeWork\" ><a href='https:\/\/www.asecus.ch\/fr\/services\/security-consulting\/microsoft-365-security\/' data-rel='slide-1' class='slide-image' title='Microsoft 365 Security'><img decoding=\"async\" loading=\"lazy\" width=\"630\" height=\"467\" src=\"https:\/\/www.asecus.ch\/wp-content\/uploads\/2020\/09\/microsoft-365-teams-security-schweiz.jpg\" class=\"wp-image-4463 avia-img-lazy-loading-4463 attachment-portfolio size-portfolio wp-post-image\" alt=\"Microsoft Teams sur smartphone \u2013 Microsoft 365 Security Consulting Suisse\" srcset=\"https:\/\/www.asecus.ch\/wp-content\/uploads\/2020\/09\/microsoft-365-teams-security-schweiz.jpg 630w, https:\/\/www.asecus.ch\/wp-content\/uploads\/2020\/09\/microsoft-365-teams-security-schweiz-300x222.jpg 300w\" sizes=\"auto, (max-width: 630px) 100vw, 630px\" \/><\/a><div class='slide-content'><header class=\"entry-content-header\"><h3 class='slide-entry-title entry-title '  itemprop=\"headline\" ><a href='https:\/\/www.asecus.ch\/fr\/services\/security-consulting\/microsoft-365-security\/' title='Microsoft 365 Security'>Microsoft 365 Security<\/a><\/h3><span class=\"av-vertical-delimiter\"><\/span><\/header><div class='slide-meta'><time class='slide-meta-time updated'  itemprop=\"datePublished\" datetime=\"2020-09-29T21:58:47+02:00\" >29 septembre 2020<\/time><\/div><div class='slide-entry-excerpt entry-content'  itemprop=\"text\" >Asecus vous accompagne dans la s\u00e9curisation de votre environnement Microsoft\u2026<\/div><\/div><footer class=\"entry-footer\"><\/footer><span class='hidden'>\n\t\t\t\t<span class='av-structured-data'  itemprop=\"image\" itemscope=\"itemscope\" itemtype=\"https:\/\/schema.org\/ImageObject\" >\n\t\t\t\t\t\t<span itemprop='url'>https:\/\/www.asecus.ch\/wp-content\/uploads\/2020\/09\/microsoft-365-teams-security-schweiz.jpg<\/span>\n\t\t\t\t\t\t<span itemprop='height'>467<\/span>\n\t\t\t\t\t\t<span itemprop='width'>630<\/span>\n\t\t\t\t<\/span>\n\t\t\t\t<span class='av-structured-data'  itemprop=\"publisher\" itemtype=\"https:\/\/schema.org\/Organization\" itemscope=\"itemscope\" >\n\t\t\t\t\t\t<span itemprop='name'>Philipp Oesch<\/span>\n\t\t\t\t\t\t<span itemprop='logo' itemscope itemtype='https:\/\/schema.org\/ImageObject'>\n\t\t\t\t\t\t\t<span itemprop='url'>https:\/\/www.asecus.ch\/wp-content\/uploads\/2023\/08\/asecus_logo_openFiles_RGB_logo_colored-300x80.png<\/span>\n\t\t\t\t\t\t<\/span>\n\t\t\t\t<\/span><span class='av-structured-data'  itemprop=\"author\" itemscope=\"itemscope\" itemtype=\"https:\/\/schema.org\/Person\" ><span itemprop='name'>Philipp Oesch<\/span><\/span><span class='av-structured-data'  itemprop=\"datePublished\" datetime=\"2026-03-03T17:05:42+01:00\" >2020-09-29 21:58:47<\/span><span class='av-structured-data'  itemprop=\"dateModified\" itemtype=\"https:\/\/schema.org\/dateModified\" >2020-09-30 16:11:34<\/span><span class='av-structured-data'  itemprop=\"mainEntityOfPage\" itemtype=\"https:\/\/schema.org\/mainEntityOfPage\" ><span itemprop='name'>Microsoft 365 Security<\/span><\/span><\/span><\/article><\/div><\/div><div class='pagination-wrap pagination-slider'><nav class='pagination'><span class='pagination-meta'>Page 1 sur 2<\/span><span class='current'>1<\/span><a href='https:\/\/www.asecus.ch\/fr\/wp-json\/wp\/v2\/pages\/17957\/page\/2\/' class='inactive next_page' >2<\/a><\/nav>\n<\/div><\/div>\n<\/p>\n","protected":false},"excerpt":{"rendered":"","protected":false},"author":10,"featured_media":0,"parent":0,"menu_order":0,"comment_status":"closed","ping_status":"closed","template":"","meta":{"content-type":"","footnotes":""},"class_list":["post-17957","page","type-page","status-publish","hentry"],"_links":{"self":[{"href":"https:\/\/www.asecus.ch\/fr\/wp-json\/wp\/v2\/pages\/17957","targetHints":{"allow":["GET"]}}],"collection":[{"href":"https:\/\/www.asecus.ch\/fr\/wp-json\/wp\/v2\/pages"}],"about":[{"href":"https:\/\/www.asecus.ch\/fr\/wp-json\/wp\/v2\/types\/page"}],"author":[{"embeddable":true,"href":"https:\/\/www.asecus.ch\/fr\/wp-json\/wp\/v2\/users\/10"}],"replies":[{"embeddable":true,"href":"https:\/\/www.asecus.ch\/fr\/wp-json\/wp\/v2\/comments?post=17957"}],"version-history":[{"count":3,"href":"https:\/\/www.asecus.ch\/fr\/wp-json\/wp\/v2\/pages\/17957\/revisions"}],"predecessor-version":[{"id":17965,"href":"https:\/\/www.asecus.ch\/fr\/wp-json\/wp\/v2\/pages\/17957\/revisions\/17965"}],"wp:attachment":[{"href":"https:\/\/www.asecus.ch\/fr\/wp-json\/wp\/v2\/media?parent=17957"}],"curies":[{"name":"wp","href":"https:\/\/api.w.org\/{rel}","templated":true}]}}