{"id":4840,"date":"2020-09-30T12:28:15","date_gmt":"2020-09-30T10:28:15","guid":{"rendered":"https:\/\/www.asecus.ch\/offres-demploi-actuelles\/"},"modified":"2025-07-23T12:07:13","modified_gmt":"2025-07-23T10:07:13","slug":"offres-demploi-actuelles","status":"publish","type":"page","link":"https:\/\/www.asecus.ch\/fr\/offres-demploi-actuelles\/","title":{"rendered":"Offres d&#8217;emploi actuelles"},"content":{"rendered":"\n<style type=\"text\/css\" data-created_by=\"avia_inline_auto\" id=\"style-css-av-1qp9h-beb11dd178316a0a7e5a321c7d36c868\">\n.avia-section.av-1qp9h-beb11dd178316a0a7e5a321c7d36c868{\nbackground-repeat:no-repeat;\nbackground-image:url(https:\/\/www.asecus.ch\/wp-content\/uploads\/2020\/08\/header-img-5.png);\nbackground-position:50% 0%;\nbackground-attachment:scroll;\nmargin-top:0px;\nmargin-bottom:0px;\n}\n.avia-section.av-1qp9h-beb11dd178316a0a7e5a321c7d36c868 .av-section-color-overlay{\nopacity:0.6;\nbackground-color:#05668d;\n}\n<\/style>\n<div id='mobile-max-heigth'  class='avia-section av-1qp9h-beb11dd178316a0a7e5a321c7d36c868 main_color avia-section-default avia-no-border-styling  avia-builder-el-0  el_before_av_textblock  avia-builder-el-first  avia-bg-style-scroll av-section-color-overlay-active av-minimum-height av-minimum-height-custom av-height-custom  container_wrap fullsize'  data-section-bg-repeat='no-repeat' data-av_minimum_height_px='250'><div class=\"av-section-color-overlay-wrap\"><div class=\"av-section-color-overlay\"><\/div><div class='container av-section-cont-open' style='height:250px'><main  role=\"main\" itemprop=\"mainContentOfPage\"  class='template-page content  av-content-full alpha units'><div class='post-entry post-entry-type-page post-entry-4840'><div class='entry-content-wrapper clearfix'>\n\n<style type=\"text\/css\" data-created_by=\"avia_inline_auto\" id=\"style-css-av-kdr2hv5k-550527a0c01fbeb4e9ee45f108da4db9\">\n#top .av-special-heading.av-kdr2hv5k-550527a0c01fbeb4e9ee45f108da4db9{\npadding-bottom:0;\ncolor:#ffffff;\nfont-size:70px;\n}\nbody .av-special-heading.av-kdr2hv5k-550527a0c01fbeb4e9ee45f108da4db9 .av-special-heading-tag .heading-char{\nfont-size:25px;\n}\n#top #wrap_all .av-special-heading.av-kdr2hv5k-550527a0c01fbeb4e9ee45f108da4db9 .av-special-heading-tag{\nfont-size:70px;\n}\n.av-special-heading.av-kdr2hv5k-550527a0c01fbeb4e9ee45f108da4db9 .special-heading-inner-border{\nborder-color:#ffffff;\n}\n.av-special-heading.av-kdr2hv5k-550527a0c01fbeb4e9ee45f108da4db9 .av-subheading{\nfont-size:18px;\n}\n\n@media only screen and (max-width: 479px){ \n#top #wrap_all .av-special-heading.av-kdr2hv5k-550527a0c01fbeb4e9ee45f108da4db9 .av-special-heading-tag{\nfont-size:25px;\n}\n.av-special-heading.av-kdr2hv5k-550527a0c01fbeb4e9ee45f108da4db9 .av-subheading{\ndisplay:none;\n}\n}\n\n@media only screen and (min-width: 480px) and (max-width: 767px){ \n#top #wrap_all .av-special-heading.av-kdr2hv5k-550527a0c01fbeb4e9ee45f108da4db9 .av-special-heading-tag{\nfont-size:0.8em;\n}\n}\n<\/style>\n<div  class='av-special-heading av-kdr2hv5k-550527a0c01fbeb4e9ee45f108da4db9 av-special-heading-h1 custom-color-heading blockquote modern-quote  avia-builder-el-1  avia-builder-el-no-sibling  top-special-heading av-inherit-size'><h1 class='av-special-heading-tag '  itemprop=\"headline\"  >Travailler chez Asecus<\/h1><div class=\"special-heading-border\"><div class=\"special-heading-inner-border\"><\/div><\/div><\/div>\n<\/div><\/div><\/main><!-- close content main element --><\/div><\/div><\/div><div id='after_section_1'  class='main_color av_default_container_wrap container_wrap fullsize'  ><div class='container av-section-cont-open' ><div class='template-page content  av-content-full alpha units'><div class='post-entry post-entry-type-page post-entry-4840'><div class='entry-content-wrapper clearfix'>\n<section  class='av_textblock_section av-kdoilnci-edaa6224d97149cabc8cfe307b05f6b3 '   itemscope=\"itemscope\" itemtype=\"https:\/\/schema.org\/CreativeWork\" ><div class='av-mini-hide avia_textblock'  itemprop=\"text\" ><div class=\"breadcrumb breadcrumbs avia-breadcrumbs\"><div class=\"breadcrumb-trail\" ><span class=\"trail-before\"><span class=\"breadcrumb-title\">Vous \u00eates ici :<\/span><\/span> <span  itemscope=\"itemscope\" itemtype=\"https:\/\/schema.org\/BreadcrumbList\" ><span  itemscope=\"itemscope\" itemtype=\"https:\/\/schema.org\/ListItem\" itemprop=\"itemListElement\" ><a itemprop=\"url\" href=\"https:\/\/www.asecus.ch\/fr\/\" title=\"Asecus\" rel=\"home\" class=\"trail-begin\"><span itemprop=\"name\">Accueil<\/span><\/a><span itemprop=\"position\" class=\"hidden\">1<\/span><\/span><\/span><\/div><\/div>\n<\/div><\/section>\n<\/div><\/div><\/div><!-- close content main div --><\/div><\/div>\n<style type=\"text\/css\" data-created_by=\"avia_inline_auto\" id=\"style-css-av-kcom12tj-524b27619b124ade1fe89cdccca84ac0\">\n.avia-section.av-kcom12tj-524b27619b124ade1fe89cdccca84ac0{\nmargin-top:0px;\nmargin-bottom:0px;\n}\n<\/style>\n<div id='av_section_2'  class='avia-section av-kcom12tj-524b27619b124ade1fe89cdccca84ac0 alternate_color avia-section-no-padding avia-no-border-styling  avia-builder-el-3  el_after_av_textblock  el_before_av_hr  avia-bg-style-scroll container_wrap fullsize'  ><div class='container av-section-cont-open' ><div class='template-page content  av-content-full alpha units'><div class='post-entry post-entry-type-page post-entry-4840'><div class='entry-content-wrapper clearfix'>\n\n<style type=\"text\/css\" data-created_by=\"avia_inline_auto\" id=\"style-css-av-1magt-06e475b6cf22ffa09d392d67ae562de8\">\n.flex_column.av-1magt-06e475b6cf22ffa09d392d67ae562de8{\nborder-radius:0px 0px 0px 0px;\npadding:0px 0px 0px 0px;\n}\n<\/style>\n<div  class='flex_column av-1magt-06e475b6cf22ffa09d392d67ae562de8 av_one_full  avia-builder-el-4  el_before_av_one_third  avia-builder-el-first  first flex_column_div av-zero-column-padding  '     ><style type=\"text\/css\" data-created_by=\"avia_inline_auto\" id=\"style-css-av-ay32h-2596a4ec7816cdb90c16bc4949e42de3\">\n#top .av-special-heading.av-ay32h-2596a4ec7816cdb90c16bc4949e42de3{\nmargin:50px 0px 0px 0px;\npadding-bottom:0;\n}\nbody .av-special-heading.av-ay32h-2596a4ec7816cdb90c16bc4949e42de3 .av-special-heading-tag .heading-char{\nfont-size:25px;\n}\n.av-special-heading.av-ay32h-2596a4ec7816cdb90c16bc4949e42de3 .av-subheading{\nfont-size:15px;\n}\n\n@media only screen and (max-width: 479px){ \n#top #wrap_all .av-special-heading.av-ay32h-2596a4ec7816cdb90c16bc4949e42de3 .av-special-heading-tag{\nfont-size:25px;\n}\n}\n<\/style>\n<div  class='av-special-heading av-ay32h-2596a4ec7816cdb90c16bc4949e42de3 av-special-heading-h2 blockquote modern-quote  avia-builder-el-5  avia-builder-el-no-sibling '><h2 class='av-special-heading-tag '  itemprop=\"headline\"  >Asecus est la voie d\u2019un avenir passionnant !<\/h2><div class=\"special-heading-border\"><div class=\"special-heading-inner-border\"><\/div><\/div><\/div><\/div>\n<style type=\"text\/css\" data-created_by=\"avia_inline_auto\" id=\"style-css-av-8sjog-2814a401e6fa8105325f1471f0aa30dd\">\n.flex_column.av-8sjog-2814a401e6fa8105325f1471f0aa30dd{\nborder-radius:0px 0px 0px 0px;\npadding:0px 0px 0px 0px;\n}\n<\/style>\n<div  class='flex_column av-8sjog-2814a401e6fa8105325f1471f0aa30dd av_one_third  avia-builder-el-6  el_after_av_one_full  el_before_av_three_fifth  first flex_column_div av-zero-column-padding  column-top-margin'     ><style type=\"text\/css\" data-created_by=\"avia_inline_auto\" id=\"style-css-av-kdr2e6mo-9c25218de3cc157a66d99dae8e8b1df3\">\n.avia-image-container.av-kdr2e6mo-9c25218de3cc157a66d99dae8e8b1df3 img.avia_image{\nbox-shadow:none;\n}\n.avia-image-container.av-kdr2e6mo-9c25218de3cc157a66d99dae8e8b1df3 .av-image-caption-overlay-center{\ncolor:#ffffff;\n}\n<\/style>\n<div  class='avia-image-container av-kdr2e6mo-9c25218de3cc157a66d99dae8e8b1df3 av-styling- avia-align-center  avia-builder-el-7  avia-builder-el-no-sibling '   itemprop=\"image\" itemscope=\"itemscope\" itemtype=\"https:\/\/schema.org\/ImageObject\" ><div class=\"avia-image-container-inner\"><div class=\"avia-image-overlay-wrap\"><img decoding=\"async\" fetchpriority=\"high\" class='wp-image-4844 avia-img-lazy-loading-not-4844 avia_image ' src=\"https:\/\/www.asecus.ch\/wp-content\/uploads\/2020\/09\/it-security-schweiz-team-meeting.jpg\" alt='R\u00e9union de l&#039;\u00e9quipe charg\u00e9e de la s\u00e9curit\u00e9 informatique en Suisse \u2013 Des coll\u00e8gues se saluent d&#039;une poign\u00e9e de main dans un environnement de bureau moderne.' title='Emplois dans le domaine de la s\u00e9curit\u00e9 informatique en Suisse \u2013 Travail d&#039;\u00e9quipe et opportunit\u00e9s de carri\u00e8re chez Asecus'  height=\"427\" width=\"640\"  itemprop=\"thumbnailUrl\" srcset=\"https:\/\/www.asecus.ch\/wp-content\/uploads\/2020\/09\/it-security-schweiz-team-meeting.jpg 640w, https:\/\/www.asecus.ch\/wp-content\/uploads\/2020\/09\/it-security-schweiz-team-meeting-300x200.jpg 300w\" sizes=\"(max-width: 640px) 100vw, 640px\" \/><\/div><\/div><\/div><\/div>\n<style type=\"text\/css\" data-created_by=\"avia_inline_auto\" id=\"style-css-av-a7wpe-2538d4f91853edf16f1cf3598a33fdf9\">\n.flex_column.av-a7wpe-2538d4f91853edf16f1cf3598a33fdf9{\nborder-radius:0px 0px 0px 0px;\npadding:0px 0px 0px 0px;\n}\n<\/style>\n<div  class='flex_column av-a7wpe-2538d4f91853edf16f1cf3598a33fdf9 av_three_fifth  avia-builder-el-8  el_after_av_one_third  el_before_av_hr  flex_column_div av-zero-column-padding  column-top-margin'     ><section  class='av_textblock_section av-kdive95n-9545e8bc44f8ce60b15c1ff976b36732 '   itemscope=\"itemscope\" itemtype=\"https:\/\/schema.org\/CreativeWork\" ><div class='avia_textblock'  itemprop=\"text\" ><p>Nous sommes une \u00e9quipe de sp\u00e9cialistes de la s\u00e9curit\u00e9 dont l&rsquo;objectif est de prot\u00e9ger nos clients contre les cyberattaques. Nous op\u00e9rons dans un monde tr\u00e8s complexe, avec des environnements clients hybrides et de nouveaux sujets passionnants comme le Cloud ou l&rsquo;Internet des objets. La passion pour la cybers\u00e9curit\u00e9 et la volont\u00e9 de se d\u00e9velopper en permanence sont une exigence forte dans cet environnement.<\/p>\n<p><strong>Vous \u00eates techniquement comp\u00e9tent ? Travaillez-vous de mani\u00e8re ind\u00e9pendante et agissez-vous comme un entrepreneur ? Alors vous \u00eates avec nous ! <\/strong><\/p>\n<p>Nous avons une hi\u00e9rarchies plate et offrons \u00e0 tous les employ\u00e9s la possibilit\u00e9 de se d\u00e9velopper et d&rsquo;avancer librement. Les personnes motiv\u00e9es ont \u00e9galement la possibilit\u00e9 d&rsquo;acheter des actions de l&rsquo;entreprise. Asecus est enti\u00e8rement d\u00e9tenue par les employ\u00e9s, la direction et le conseil d&rsquo;administration.<\/p>\n<p>Consultez nos postes \u00e0 pourvoir ou envoyez une candidature spontan\u00e9e:<\/p>\n<p>Barbara Hochstrasser, <a href=\"mailto:barbara.hochstrasser@asecus.ch\">barbara.hochstrasser@asecus.ch<\/a>, 043 399 20 00<\/p>\n<\/div><\/section><\/div><div  class='hr av-kdr2y73z-43877fce827a4d7f40b6764ea0e89436 hr-default  avia-builder-el-10  el_after_av_three_fifth  avia-builder-el-last  av-mini-hide'><span class='hr-inner '><span class=\"hr-inner-style\"><\/span><\/span><\/div>\n<\/div><\/div><\/div><!-- close content main div --><\/div><\/div><div id='after_section_2'  class='main_color av_default_container_wrap container_wrap fullsize'  ><div class='container av-section-cont-open' ><div class='template-page content  av-content-full alpha units'><div class='post-entry post-entry-type-page post-entry-4840'><div class='entry-content-wrapper clearfix'>\n<style type=\"text\/css\" data-created_by=\"avia_inline_auto\" id=\"style-css-av-av_hr-20bbb785929a8d5e3fcef87424042906\">\n#top .hr.hr-invisible.av-av_hr-20bbb785929a8d5e3fcef87424042906{\nheight:20px;\n}\n<\/style>\n<div  class='hr av-av_hr-20bbb785929a8d5e3fcef87424042906 hr-invisible  avia-builder-el-11  el_after_av_section  el_before_av_section  avia-builder-el-no-sibling  av-mini-hide'><span class='hr-inner '><span class=\"hr-inner-style\"><\/span><\/span><\/div><\/p>\n<\/div><\/div><\/div><!-- close content main div --><\/div><\/div><div id='av_section_3'  class='avia-section av-kcom12tj-2-9862656ebaf9d3c956c342de8dede9bd alternate_color avia-section-no-padding avia-no-border-styling  avia-builder-el-12  el_after_av_hr  el_before_av_hr  bottom-padding-products avia-bg-style-scroll container_wrap fullsize'  ><div class='container av-section-cont-open' ><div class='template-page content  av-content-full alpha units'><div class='post-entry post-entry-type-page post-entry-4840'><div class='entry-content-wrapper clearfix'>\n\n<style type=\"text\/css\" data-created_by=\"avia_inline_auto\" id=\"style-css-av-kdinen91-6249813fedd5fcaba5dae8e137e3b152\">\n#top .hr.hr-invisible.av-kdinen91-6249813fedd5fcaba5dae8e137e3b152{\nheight:20px;\n}\n<\/style>\n<div  class='hr av-kdinen91-6249813fedd5fcaba5dae8e137e3b152 hr-invisible  avia-builder-el-13  el_before_asecus_blog  avia-builder-el-first '><span class='hr-inner '><span class=\"hr-inner-style\"><\/span><\/span><\/div>\n<div   data-autoplay=''  data-interval='5'  data-animation='fade'  data-show_slide_delay='90'  class='avia-content-slider avia-content-grid-active avia-content-slider1 avia-content-slider-odd  avia-builder-el-14  el_after_av_hr  avia-builder-el-last  '  itemscope=\"itemscope\" itemtype=\"https:\/\/schema.org\/Blog\" ><div class='avia-content-slider-inner'><div class='slide-entry-wrap'><article class='slide-entry flex_column  post-entry post-entry-6062 slide-entry-overview slide-loop-1 slide-parity-odd  av_one_third first real-thumbnail post-format-standard'  itemscope=\"itemscope\" itemtype=\"https:\/\/schema.org\/CreativeWork\" ><a href='https:\/\/www.asecus.ch\/fr\/offres-demploi-actuelles\/security-solution-sales-100-zurich-bern\/' data-rel='slide-1' class='slide-image' title='Security Solution Sales 100% \u2013 Z\u00fcrich, Bern'><img decoding=\"async\" loading=\"lazy\" width=\"640\" height=\"427\" src=\"https:\/\/www.asecus.ch\/wp-content\/uploads\/2020\/08\/it-security-workshop.jpg\" class=\"wp-image-3695 avia-img-lazy-loading-3695 attachment-portfolio size-portfolio wp-post-image\" alt=\"Atelier sur la s\u00e9curit\u00e9 informatique \u2013 Un expert pr\u00e9sente des strat\u00e9gies de cybers\u00e9curit\u00e9 lors d&#039;une r\u00e9union d&#039;entreprise\" srcset=\"https:\/\/www.asecus.ch\/wp-content\/uploads\/2020\/08\/it-security-workshop.jpg 640w, https:\/\/www.asecus.ch\/wp-content\/uploads\/2020\/08\/it-security-workshop-300x200.jpg 300w\" sizes=\"auto, (max-width: 640px) 100vw, 640px\" \/><\/a><div class='slide-content'><header class=\"entry-content-header\"><h3 class='slide-entry-title entry-title '  itemprop=\"headline\" ><a href='https:\/\/www.asecus.ch\/fr\/offres-demploi-actuelles\/security-solution-sales-100-zurich-bern\/' title='Security Solution Sales 100% \u2013 Z\u00fcrich, Bern'>Security Solution Sales 100% \u2013 Z\u00fcrich, Bern<\/a><\/h3><span class=\"av-vertical-delimiter\"><\/span><\/header><div class='slide-meta'><time class='slide-meta-time updated'  itemprop=\"datePublished\" datetime=\"2021-04-15T17:03:51+02:00\" >15 avril 2021<\/time><\/div><div class='slide-entry-excerpt entry-content'  itemprop=\"text\" ><span class=\"excerpt\">Du akquirierst z neue Projekte und tr\u00e4gst wesentlich zum Wachstum unseres IT-Security\u2026<\/span><div class=\"read-more-link\"><a href=\"https:\/\/www.asecus.ch\/fr\/offres-demploi-actuelles\/security-solution-sales-100-zurich-bern\/\" class=\"more-link\">En savoir plus<span class=\"more-link-arrow\"><\/span><\/a><\/div><\/div><\/div><footer class=\"entry-footer\"><\/footer><span class='hidden'>\n\t\t\t\t<span class='av-structured-data'  itemprop=\"image\" itemscope=\"itemscope\" itemtype=\"https:\/\/schema.org\/ImageObject\" >\n\t\t\t\t\t\t<span itemprop='url'>https:\/\/www.asecus.ch\/wp-content\/uploads\/2020\/08\/it-security-workshop.jpg<\/span>\n\t\t\t\t\t\t<span itemprop='height'>427<\/span>\n\t\t\t\t\t\t<span itemprop='width'>640<\/span>\n\t\t\t\t<\/span>\n\t\t\t\t<span class='av-structured-data'  itemprop=\"publisher\" itemtype=\"https:\/\/schema.org\/Organization\" itemscope=\"itemscope\" >\n\t\t\t\t\t\t<span itemprop='name'>Philipp Oesch<\/span>\n\t\t\t\t\t\t<span itemprop='logo' itemscope itemtype='https:\/\/schema.org\/ImageObject'>\n\t\t\t\t\t\t\t<span itemprop='url'>https:\/\/www.asecus.ch\/wp-content\/uploads\/2023\/08\/asecus_logo_openFiles_RGB_logo_colored-300x80.png<\/span>\n\t\t\t\t\t\t<\/span>\n\t\t\t\t<\/span><span class='av-structured-data'  itemprop=\"author\" itemscope=\"itemscope\" itemtype=\"https:\/\/schema.org\/Person\" ><span itemprop='name'>Philipp Oesch<\/span><\/span><span class='av-structured-data'  itemprop=\"datePublished\" datetime=\"2020-09-30T12:28:15+02:00\" >2021-04-15 17:03:51<\/span><span class='av-structured-data'  itemprop=\"dateModified\" itemtype=\"https:\/\/schema.org\/dateModified\" >2025-08-19 13:43:06<\/span><span class='av-structured-data'  itemprop=\"mainEntityOfPage\" itemtype=\"https:\/\/schema.org\/mainEntityOfPage\" ><span itemprop='name'>Security Solution Sales 100% \u2013 Z\u00fcrich, Bern<\/span><\/span><\/span><\/article><article class='slide-entry flex_column  post-entry post-entry-4772 slide-entry-overview slide-loop-2 slide-parity-even  post-entry-last  av_one_third  real-thumbnail post-format-standard'  itemscope=\"itemscope\" itemtype=\"https:\/\/schema.org\/CreativeWork\" ><a href='https:\/\/www.asecus.ch\/fr\/offres-demploi-actuelles\/ict-security-engineer-100-m-w\/' data-rel='slide-1' class='slide-image' title='Security Engineer'><img decoding=\"async\" loading=\"lazy\" width=\"640\" height=\"427\" src=\"https:\/\/www.asecus.ch\/wp-content\/uploads\/2020\/08\/open-job-it-security-zuerich.jpg\" class=\"wp-image-4775 avia-img-lazy-loading-4775 attachment-portfolio size-portfolio wp-post-image\" alt=\"Ing\u00e9nieur en s\u00e9curit\u00e9 informatique au travail sur un ordinateur \u2013 Emploi en s\u00e9curit\u00e9 informatique \u00e0 Uster\" srcset=\"https:\/\/www.asecus.ch\/wp-content\/uploads\/2020\/08\/open-job-it-security-zuerich.jpg 640w, https:\/\/www.asecus.ch\/wp-content\/uploads\/2020\/08\/open-job-it-security-zuerich-300x200.jpg 300w\" sizes=\"auto, (max-width: 640px) 100vw, 640px\" \/><\/a><div class='slide-content'><header class=\"entry-content-header\"><h3 class='slide-entry-title entry-title '  itemprop=\"headline\" ><a href='https:\/\/www.asecus.ch\/fr\/offres-demploi-actuelles\/ict-security-engineer-100-m-w\/' title='Security Engineer'>Security Engineer<\/a><\/h3><span class=\"av-vertical-delimiter\"><\/span><\/header><div class='slide-meta'><time class='slide-meta-time updated'  itemprop=\"datePublished\" datetime=\"2020-09-30T11:29:17+02:00\" >30 septembre 2020<\/time><\/div><div class='slide-entry-excerpt entry-content'  itemprop=\"text\" ><span class=\"excerpt\">Du planst und implementierst massgeschneiderte Security-L\u00f6sungen f\u00fcr unsere\u2026<\/span><div class=\"read-more-link\"><a href=\"https:\/\/www.asecus.ch\/fr\/offres-demploi-actuelles\/ict-security-engineer-100-m-w\/\" class=\"more-link\">En savoir plus<span class=\"more-link-arrow\"><\/span><\/a><\/div><\/div><\/div><footer class=\"entry-footer\"><\/footer><span class='hidden'>\n\t\t\t\t<span class='av-structured-data'  itemprop=\"image\" itemscope=\"itemscope\" itemtype=\"https:\/\/schema.org\/ImageObject\" >\n\t\t\t\t\t\t<span itemprop='url'>https:\/\/www.asecus.ch\/wp-content\/uploads\/2020\/08\/open-job-it-security-zuerich.jpg<\/span>\n\t\t\t\t\t\t<span itemprop='height'>427<\/span>\n\t\t\t\t\t\t<span itemprop='width'>640<\/span>\n\t\t\t\t<\/span>\n\t\t\t\t<span class='av-structured-data'  itemprop=\"publisher\" itemtype=\"https:\/\/schema.org\/Organization\" itemscope=\"itemscope\" >\n\t\t\t\t\t\t<span itemprop='name'>Philipp Oesch<\/span>\n\t\t\t\t\t\t<span itemprop='logo' itemscope itemtype='https:\/\/schema.org\/ImageObject'>\n\t\t\t\t\t\t\t<span itemprop='url'>https:\/\/www.asecus.ch\/wp-content\/uploads\/2023\/08\/asecus_logo_openFiles_RGB_logo_colored-300x80.png<\/span>\n\t\t\t\t\t\t<\/span>\n\t\t\t\t<\/span><span class='av-structured-data'  itemprop=\"author\" itemscope=\"itemscope\" itemtype=\"https:\/\/schema.org\/Person\" ><span itemprop='name'>Philipp Oesch<\/span><\/span><span class='av-structured-data'  itemprop=\"datePublished\" datetime=\"2020-09-30T12:28:15+02:00\" >2020-09-30 11:29:17<\/span><span class='av-structured-data'  itemprop=\"dateModified\" itemtype=\"https:\/\/schema.org\/dateModified\" >2025-08-19 13:44:35<\/span><span class='av-structured-data'  itemprop=\"mainEntityOfPage\" itemtype=\"https:\/\/schema.org\/mainEntityOfPage\" ><span itemprop='name'>Security Engineer<\/span><\/span><\/span><\/article><\/div><\/div><\/div>\n<\/div><\/div><\/div><!-- close content main div --><\/div><\/div><div id='after_section_3'  class='main_color av_default_container_wrap container_wrap fullsize'  ><div class='container av-section-cont-open' ><div class='template-page content  av-content-full alpha units'><div class='post-entry post-entry-type-page post-entry-4840'><div class='entry-content-wrapper clearfix'>\n\n<style type=\"text\/css\" data-created_by=\"avia_inline_auto\" id=\"style-css-av-kdinen91-1-e6dbe7e9ae834473285349ef5656a183\">\n#top .hr.hr-invisible.av-kdinen91-1-e6dbe7e9ae834473285349ef5656a183{\nheight:20px;\n}\n<\/style>\n<div  class='hr av-kdinen91-1-e6dbe7e9ae834473285349ef5656a183 hr-invisible  avia-builder-el-15  el_after_av_section  avia-builder-el-no-sibling '><span class='hr-inner '><span class=\"hr-inner-style\"><\/span><\/span><\/div>\n","protected":false},"excerpt":{"rendered":"","protected":false},"author":3,"featured_media":0,"parent":0,"menu_order":0,"comment_status":"closed","ping_status":"closed","template":"","meta":{"content-type":"","footnotes":""},"class_list":["post-4840","page","type-page","status-publish","hentry"],"_links":{"self":[{"href":"https:\/\/www.asecus.ch\/fr\/wp-json\/wp\/v2\/pages\/4840","targetHints":{"allow":["GET"]}}],"collection":[{"href":"https:\/\/www.asecus.ch\/fr\/wp-json\/wp\/v2\/pages"}],"about":[{"href":"https:\/\/www.asecus.ch\/fr\/wp-json\/wp\/v2\/types\/page"}],"author":[{"embeddable":true,"href":"https:\/\/www.asecus.ch\/fr\/wp-json\/wp\/v2\/users\/3"}],"replies":[{"embeddable":true,"href":"https:\/\/www.asecus.ch\/fr\/wp-json\/wp\/v2\/comments?post=4840"}],"version-history":[{"count":16,"href":"https:\/\/www.asecus.ch\/fr\/wp-json\/wp\/v2\/pages\/4840\/revisions"}],"predecessor-version":[{"id":15165,"href":"https:\/\/www.asecus.ch\/fr\/wp-json\/wp\/v2\/pages\/4840\/revisions\/15165"}],"wp:attachment":[{"href":"https:\/\/www.asecus.ch\/fr\/wp-json\/wp\/v2\/media?parent=4840"}],"curies":[{"name":"wp","href":"https:\/\/api.w.org\/{rel}","templated":true}]}}