{"id":8753,"date":"2022-08-23T15:19:22","date_gmt":"2022-08-23T13:19:22","guid":{"rendered":"https:\/\/www.asecus.ch\/?page_id=8753"},"modified":"2022-08-23T15:19:22","modified_gmt":"2022-08-23T13:19:22","slug":"merci-pour-votre-inscription","status":"publish","type":"page","link":"https:\/\/www.asecus.ch\/fr\/merci-pour-votre-inscription\/","title":{"rendered":"Merci pour votre inscription"},"content":{"rendered":"<div id='av_section_1'  class='avia-section av-ky4541m6-6491108a007f947dafdd99dc5e947266 main_color avia-section-default avia-no-border-styling  avia-builder-el-0  el_before_av_section  avia-builder-el-first  avia-bg-style-scroll av-minimum-height av-minimum-height-100 av-height-100  container_wrap fullsize'   data-av_minimum_height_pc='100' data-av_min_height_opt='100'><div class='container av-section-cont-open' ><main  role=\"main\" itemprop=\"mainContentOfPage\"  class='template-page content  av-content-full alpha units'><div class='post-entry post-entry-type-page post-entry-8753'><div class='entry-content-wrapper clearfix'>\n<section  class='av_textblock_section av-ky44e26f-dc6ee9f1e9c9e7d4719643177078a9e7 '   itemscope=\"itemscope\" itemtype=\"https:\/\/schema.org\/CreativeWork\" ><div class='avia_textblock'  itemprop=\"text\" ><h2 style=\"text-align: center;\">Merci beaucoup!<\/h2>\n<\/div><\/section>\n<div  class='hr av-ky44ymvx-4b118f1343833e474214193c8d3a498c hr-default  avia-builder-el-2  el_after_av_textblock  el_before_av_font_icon  av-mini-hide'><span class='hr-inner '><span class=\"hr-inner-style\"><\/span><\/span><\/div>\n\n<style type=\"text\/css\" data-created_by=\"avia_inline_auto\" id=\"style-css-av-ky44fvcq-bd56276ca8bf4a5b40056e439be10277\">\n.av_font_icon.av-ky44fvcq-bd56276ca8bf4a5b40056e439be10277{\ncolor:#05668d;\nborder-color:#05668d;\n}\n.avia-svg-icon.av-ky44fvcq-bd56276ca8bf4a5b40056e439be10277 svg:first-child{\nstroke:#05668d;\nfill:#05668d;\n}\n.av_font_icon.av-ky44fvcq-bd56276ca8bf4a5b40056e439be10277 .av-icon-char{\nfont-size:100px;\nline-height:100px;\n}\n<\/style>\n<span  class='av_font_icon av-ky44fvcq-bd56276ca8bf4a5b40056e439be10277 avia_animate_when_visible av-icon-style- avia-icon-pos-center avia-iconfont avia-font-entypo-fontello avia-icon-animate'><a href='https:\/\/www.asecus.ch\/wp-content\/uploads\/2022\/08\/anniversaire-asecus.ics'   class='av-icon-char' data-av_icon='\ue85b' data-av_iconfont='entypo-fontello' aria-hidden=\"false\" ><\/a><\/span>\n<div  class='hr av-ky44ymvx-4b118f1343833e474214193c8d3a498c hr-default  avia-builder-el-4  el_after_av_font_icon  el_before_av_button  av-mini-hide'><span class='hr-inner '><span class=\"hr-inner-style\"><\/span><\/span><\/div>\n<div  class='avia-button-wrap av-l767phqt-2f3fca1f2418f6a8b5c4e3fb00cec3ae-wrap avia-button-center  avia-builder-el-5  el_after_av_hr  el_before_av_hr '><a href='https:\/\/www.asecus.ch\/wp-content\/uploads\/2022\/08\/anniversaire-asecus.ics'  class='avia-button av-l767phqt-2f3fca1f2418f6a8b5c4e3fb00cec3ae av-link-btn avia-icon_select-no avia-size-small avia-position-center avia-color-theme-color'   aria-label=\"T\u00e9l\u00e9charger l\u2019entr\u00e9e du calendrier\"><span class='avia_iconbox_title' >T\u00e9l\u00e9charger l\u2019entr\u00e9e du calendrier<\/span><\/a><\/div>\n<div  class='hr av-ky44ymvx-4b118f1343833e474214193c8d3a498c hr-default  avia-builder-el-6  el_after_av_button  el_before_av_textblock  av-mini-hide'><span class='hr-inner '><span class=\"hr-inner-style\"><\/span><\/span><\/div>\n<section  class='av_textblock_section av-ky44qp5p-4bdc600a6f3708e947676070a620625e '   itemscope=\"itemscope\" itemtype=\"https:\/\/schema.org\/CreativeWork\" ><div class='avia_textblock'  itemprop=\"text\" ><p style=\"text-align: center;\">Nous attendons votre visite!<\/p>\n<\/div><\/section>\n<\/div><\/div><\/main><!-- close content main element --><\/div><\/div><div id='av_section_2'  class='avia-section av-ky456dwd-9a4aab352a6a51e5433c41c1756bf99a alternate_color avia-section-default avia-no-border-styling  avia-builder-el-8  el_after_av_section  avia-builder-el-last  avia-bg-style-scroll container_wrap fullsize'  ><div class='container av-section-cont-open' ><div class='template-page content  av-content-full alpha units'><div class='post-entry post-entry-type-page post-entry-8753'><div class='entry-content-wrapper clearfix'>\n<div   data-autoplay=''  data-interval='5'  data-animation='fade'  data-show_slide_delay='90'  class='avia-content-slider avia-content-grid-active avia-content-slider1 avia-content-slider-odd  avia-builder-el-9  avia-builder-el-no-sibling  '  itemscope=\"itemscope\" itemtype=\"https:\/\/schema.org\/Blog\" ><div class='avia-content-slider-inner'><div class='slide-entry-wrap'><article class='slide-entry flex_column  post-entry post-entry-8068 slide-entry-overview slide-loop-1 slide-parity-odd  av_one_third first real-thumbnail post-format-standard'  itemscope=\"itemscope\" itemtype=\"https:\/\/schema.org\/CreativeWork\" ><a href='https:\/\/www.asecus.ch\/fr\/news\/ransomware-haben-antivirus-loesungen-ausgedient\/' data-rel='slide-1' class='slide-image' title='L&rsquo;antivirus a fait son temps?'><img decoding=\"async\" loading=\"lazy\" width=\"800\" height=\"600\" src=\"https:\/\/www.asecus.ch\/wp-content\/uploads\/2021\/09\/endpoint-security-epp-ndr-xdr-ransomware.jpg\" class=\"wp-image-8069 avia-img-lazy-loading-8069 attachment-portfolio size-portfolio wp-post-image\" alt=\"Homme stress\u00e9 devant son ordinateur portable avec des symboles repr\u00e9sentant des logiciels malveillants et des ransomwares qui sortent de l&#039;\u00e9cran.\" srcset=\"https:\/\/www.asecus.ch\/wp-content\/uploads\/2021\/09\/endpoint-security-epp-ndr-xdr-ransomware.jpg 800w, https:\/\/www.asecus.ch\/wp-content\/uploads\/2021\/09\/endpoint-security-epp-ndr-xdr-ransomware-300x225.jpg 300w, https:\/\/www.asecus.ch\/wp-content\/uploads\/2021\/09\/endpoint-security-epp-ndr-xdr-ransomware-768x576.jpg 768w\" sizes=\"auto, (max-width: 800px) 100vw, 800px\" \/><\/a><div class='slide-content'><header class=\"entry-content-header\"><h3 class='slide-entry-title entry-title '  itemprop=\"headline\" ><a href='https:\/\/www.asecus.ch\/fr\/news\/ransomware-haben-antivirus-loesungen-ausgedient\/' title='L&rsquo;antivirus a fait son temps?'>L&rsquo;antivirus a fait son temps?<\/a><\/h3><span class=\"av-vertical-delimiter\"><\/span><\/header><div class='slide-meta'><time class='slide-meta-time updated'  itemprop=\"datePublished\" datetime=\"2021-09-23T11:08:37+02:00\" >23 septembre 2021<\/time><\/div><div class='slide-entry-excerpt entry-content'  itemprop=\"text\" >Dans le domaine de la protection des syst\u00e8mes d'extr\u00e9mit\u00e9, les choses ont\u2026<\/div><\/div><footer class=\"entry-footer\"><\/footer><span class='hidden'>\n\t\t\t\t<span class='av-structured-data'  itemprop=\"image\" itemscope=\"itemscope\" itemtype=\"https:\/\/schema.org\/ImageObject\" >\n\t\t\t\t\t\t<span itemprop='url'>https:\/\/www.asecus.ch\/wp-content\/uploads\/2021\/09\/endpoint-security-epp-ndr-xdr-ransomware.jpg<\/span>\n\t\t\t\t\t\t<span itemprop='height'>600<\/span>\n\t\t\t\t\t\t<span itemprop='width'>800<\/span>\n\t\t\t\t<\/span>\n\t\t\t\t<span class='av-structured-data'  itemprop=\"publisher\" itemtype=\"https:\/\/schema.org\/Organization\" itemscope=\"itemscope\" >\n\t\t\t\t\t\t<span itemprop='name'>Andreas Meier<\/span>\n\t\t\t\t\t\t<span itemprop='logo' itemscope itemtype='https:\/\/schema.org\/ImageObject'>\n\t\t\t\t\t\t\t<span itemprop='url'>https:\/\/www.asecus.ch\/wp-content\/uploads\/2023\/08\/asecus_logo_openFiles_RGB_logo_colored-300x80.png<\/span>\n\t\t\t\t\t\t<\/span>\n\t\t\t\t<\/span><span class='av-structured-data'  itemprop=\"author\" itemscope=\"itemscope\" itemtype=\"https:\/\/schema.org\/Person\" ><span itemprop='name'>Andreas Meier<\/span><\/span><span class='av-structured-data'  itemprop=\"datePublished\" datetime=\"2022-08-23T15:19:22+02:00\" >2021-09-23 11:08:37<\/span><span class='av-structured-data'  itemprop=\"dateModified\" itemtype=\"https:\/\/schema.org\/dateModified\" >2022-02-14 15:47:28<\/span><span class='av-structured-data'  itemprop=\"mainEntityOfPage\" itemtype=\"https:\/\/schema.org\/mainEntityOfPage\" ><span itemprop='name'>L&rsquo;antivirus a fait son temps?<\/span><\/span><\/span><\/article><article class='slide-entry flex_column  post-entry post-entry-6177 slide-entry-overview slide-loop-2 slide-parity-even  post-entry-last  av_one_third  real-thumbnail post-format-standard'  itemscope=\"itemscope\" itemtype=\"https:\/\/schema.org\/CreativeWork\" ><a href='https:\/\/www.asecus.ch\/fr\/news\/ransomware-readiness-check\/' data-rel='slide-1' class='slide-image' title='Ransomware Readiness Check'><img decoding=\"async\" loading=\"lazy\" width=\"640\" height=\"427\" src=\"https:\/\/www.asecus.ch\/wp-content\/uploads\/2021\/05\/ransomware.jpg\" class=\"wp-image-6181 avia-img-lazy-loading-6181 attachment-portfolio size-portfolio wp-post-image\" alt=\"Un homme assis devant un \u00e9cran d&#039;ordinateur avec un message d&#039;alerte ransomware \u2013 fichiers personnels crypt\u00e9s, demande de ran\u00e7on avec compte \u00e0 rebours\" srcset=\"https:\/\/www.asecus.ch\/wp-content\/uploads\/2021\/05\/ransomware.jpg 640w, https:\/\/www.asecus.ch\/wp-content\/uploads\/2021\/05\/ransomware-300x200.jpg 300w\" sizes=\"auto, (max-width: 640px) 100vw, 640px\" \/><\/a><div class='slide-content'><header class=\"entry-content-header\"><h3 class='slide-entry-title entry-title '  itemprop=\"headline\" ><a href='https:\/\/www.asecus.ch\/fr\/news\/ransomware-readiness-check\/' title='Ransomware Readiness Check'>Ransomware Readiness Check<\/a><\/h3><span class=\"av-vertical-delimiter\"><\/span><\/header><div class='slide-meta'><time class='slide-meta-time updated'  itemprop=\"datePublished\" datetime=\"2021-05-28T14:11:59+02:00\" >28 mai 2021<\/time><\/div><div class='slide-entry-excerpt entry-content'  itemprop=\"text\" >Comment \u00eates-vous prot\u00e9g\u00e9 contre une attaque par ransomware?<\/div><\/div><footer class=\"entry-footer\"><\/footer><span class='hidden'>\n\t\t\t\t<span class='av-structured-data'  itemprop=\"image\" itemscope=\"itemscope\" itemtype=\"https:\/\/schema.org\/ImageObject\" >\n\t\t\t\t\t\t<span itemprop='url'>https:\/\/www.asecus.ch\/wp-content\/uploads\/2021\/05\/ransomware.jpg<\/span>\n\t\t\t\t\t\t<span itemprop='height'>427<\/span>\n\t\t\t\t\t\t<span itemprop='width'>640<\/span>\n\t\t\t\t<\/span>\n\t\t\t\t<span class='av-structured-data'  itemprop=\"publisher\" itemtype=\"https:\/\/schema.org\/Organization\" itemscope=\"itemscope\" >\n\t\t\t\t\t\t<span itemprop='name'>Philipp Oesch<\/span>\n\t\t\t\t\t\t<span itemprop='logo' itemscope itemtype='https:\/\/schema.org\/ImageObject'>\n\t\t\t\t\t\t\t<span itemprop='url'>https:\/\/www.asecus.ch\/wp-content\/uploads\/2023\/08\/asecus_logo_openFiles_RGB_logo_colored-300x80.png<\/span>\n\t\t\t\t\t\t<\/span>\n\t\t\t\t<\/span><span class='av-structured-data'  itemprop=\"author\" itemscope=\"itemscope\" itemtype=\"https:\/\/schema.org\/Person\" ><span itemprop='name'>Philipp Oesch<\/span><\/span><span class='av-structured-data'  itemprop=\"datePublished\" datetime=\"2022-08-23T15:19:22+02:00\" >2021-05-28 14:11:59<\/span><span class='av-structured-data'  itemprop=\"dateModified\" itemtype=\"https:\/\/schema.org\/dateModified\" >2025-08-14 17:29:40<\/span><span class='av-structured-data'  itemprop=\"mainEntityOfPage\" itemtype=\"https:\/\/schema.org\/mainEntityOfPage\" ><span itemprop='name'>Ransomware Readiness Check<\/span><\/span><\/span><\/article><\/div><\/div><\/div>\n<\/p>\n","protected":false},"excerpt":{"rendered":"","protected":false},"author":9,"featured_media":0,"parent":0,"menu_order":0,"comment_status":"closed","ping_status":"closed","template":"","meta":{"content-type":"","footnotes":""},"class_list":["post-8753","page","type-page","status-publish","hentry"],"_links":{"self":[{"href":"https:\/\/www.asecus.ch\/fr\/wp-json\/wp\/v2\/pages\/8753","targetHints":{"allow":["GET"]}}],"collection":[{"href":"https:\/\/www.asecus.ch\/fr\/wp-json\/wp\/v2\/pages"}],"about":[{"href":"https:\/\/www.asecus.ch\/fr\/wp-json\/wp\/v2\/types\/page"}],"author":[{"embeddable":true,"href":"https:\/\/www.asecus.ch\/fr\/wp-json\/wp\/v2\/users\/9"}],"replies":[{"embeddable":true,"href":"https:\/\/www.asecus.ch\/fr\/wp-json\/wp\/v2\/comments?post=8753"}],"version-history":[{"count":0,"href":"https:\/\/www.asecus.ch\/fr\/wp-json\/wp\/v2\/pages\/8753\/revisions"}],"wp:attachment":[{"href":"https:\/\/www.asecus.ch\/fr\/wp-json\/wp\/v2\/media?parent=8753"}],"curies":[{"name":"wp","href":"https:\/\/api.w.org\/{rel}","templated":true}]}}